{"id":210358,"date":"2024-10-13T23:21:26","date_gmt":"2024-10-13T23:21:26","guid":{"rendered":"https:\/\/curacaomyway.com\/?page_id=210358"},"modified":"2026-05-11T15:24:13","modified_gmt":"2026-05-11T15:24:13","slug":"declaracion-de-afiliados","status":"publish","type":"page","link":"https:\/\/curacaomyway.com\/en\/declaracion-de-afiliados\/","title":{"rendered":"Declaraci\u00f3n de afiliados"},"content":{"rendered":"<p>[et_pb_section fb_built=&#8221;1&#8243; admin_label=&#8221;Gallery&#8221; _builder_version=&#8221;4.27.5&#8243; _module_preset=&#8221;default&#8221; background_enable_color=&#8221;off&#8221; custom_padding=&#8221;31px||||false|false&#8221; hover_enabled=&#8221;0&#8243; locked=&#8221;off&#8221; collapsed=&#8221;on&#8221; global_colors_info=&#8221;{}&#8221; sticky_enabled=&#8221;0&#8243;][et_pb_row _builder_version=&#8221;4.22.0&#8243; _module_preset=&#8221;default&#8221; custom_margin=&#8221;1px|auto||auto||&#8221; locked=&#8221;off&#8221; global_colors_info=&#8221;{}&#8221;][et_pb_column type=&#8221;4_4&#8243; _builder_version=&#8221;4.22.0&#8243; _module_preset=&#8221;default&#8221; global_colors_info=&#8221;{}&#8221;][et_pb_post_title meta=&#8221;off&#8221; featured_image=&#8221;off&#8221; _builder_version=&#8221;4.27.4&#8243; _module_preset=&#8221;default&#8221; title_font=&#8221;Poppins|700||on|||||&#8221; title_font_size=&#8221;45px&#8221; global_colors_info=&#8221;{}&#8221;][\/et_pb_post_title][\/et_pb_column][\/et_pb_row][\/et_pb_section][et_pb_section fb_built=&#8221;1&#8243; admin_label=&#8221;About&#8221; _builder_version=&#8221;4.27.5&#8243; _module_preset=&#8221;default&#8221; background_color=&#8221;rgba(0,0,0,0)&#8221; z_index=&#8221;1&#8243; custom_margin=&#8221;|0px||0px|false|true&#8221; custom_margin_tablet=&#8221;&#8221; custom_margin_phone=&#8221;|20px||20px|false|true&#8221; custom_margin_last_edited=&#8221;on|tablet&#8221; custom_padding=&#8221;0px||0px||false|false&#8221; hover_enabled=&#8221;0&#8243; locked=&#8221;off&#8221; global_colors_info=&#8221;{}&#8221; sticky_enabled=&#8221;0&#8243;][et_pb_row custom_padding_last_edited=&#8221;on|desktop&#8221; _builder_version=&#8221;4.27.5&#8243; _module_preset=&#8221;default&#8221; background_color=&#8221;#ffffff&#8221; z_index=&#8221;0&#8243; width_tablet=&#8221;90%&#8221; width_phone=&#8221;90%&#8221; width_last_edited=&#8221;on|desktop&#8221; max_width=&#8221;1200px&#8221; overflow-x=&#8221;visible&#8221; overflow-y=&#8221;visible&#8221; custom_margin=&#8221;|auto||auto|false|false&#8221; custom_padding=&#8221;35px|60px|35px|50px|true|false&#8221; custom_padding_tablet=&#8221;|||60px|false|false&#8221; custom_padding_phone=&#8221;|20px||20px|false|true&#8221; hover_enabled=&#8221;0&#8243; global_colors_info=&#8221;{}&#8221; width__hover_enabled=&#8221;off&#8221; sticky_enabled=&#8221;0&#8243;][et_pb_column type=&#8221;4_4&#8243; _builder_version=&#8221;4.16&#8243; _module_preset=&#8221;default&#8221; global_colors_info=&#8221;{}&#8221;][et_pb_text _builder_version=&#8221;4.27.5&#8243; _module_preset=&#8221;default&#8221; text_font=&#8221;Oxygen||||||||&#8221; text_font_size=&#8221;17px&#8221; text_line_height=&#8221;1.8em&#8221; header_2_font=&#8221;&#8211;et_global_heading_font||||||||&#8221; header_2_font_size=&#8221;50px&#8221; header_2_line_height=&#8221;1.2em&#8221; background_enable_color=&#8221;off&#8221; max_width=&#8221;880px&#8221; max_width_tablet=&#8221;100%&#8221; max_width_phone=&#8221;100%&#8221; max_width_last_edited=&#8221;off|desktop&#8221; hover_enabled=&#8221;0&#8243; text_font_size_tablet=&#8221;&#8221; text_font_size_phone=&#8221;15px&#8221; text_font_size_last_edited=&#8221;on|desktop&#8221; header_2_font_size_tablet=&#8221;40px&#8221; header_2_font_size_phone=&#8221;30px&#8221; header_2_font_size_last_edited=&#8221;on|phone&#8221; border_radii=&#8221;on|6px|6px|6px|6px&#8221; locked=&#8221;off&#8221; global_colors_info=&#8221;{}&#8221; sticky_enabled=&#8221;0&#8243;]<\/p>\n<p data-start=\"22\" data-end=\"53\">\u00daltima actualizaci\u00f3n: Mayo 2026<\/p>\n<p data-start=\"55\" data-end=\"189\">En <a data-start=\"58\" data-end=\"123\" rel=\"noopener\" target=\"_new\" class=\"decorated-link\" href=\"https:\/\/curacaomyway.com?utm_source=chatgpt.com\">Curacao My Way<span aria-hidden=\"true\" class=\"ms-0.5 inline-block align-middle leading-none\"><svg xmlns=\"http:\/\/www.w3.org\/2000\/svg\" width=\"20\" height=\"20\" aria-hidden=\"true\" data-rtl-flip=\"\" class=\"block h-[0.75em] w-[0.75em] stroke-current stroke-[0.75]\"><use href=\"\/cdn\/assets\/sprites-core-86c0e697.svg#304883\" fill=\"currentColor\"><\/use><\/svg><\/span><\/a> valoramos la transparencia y la confianza de nuestros visitantes.<\/p>\n<p data-start=\"191\" data-end=\"475\">Algunos enlaces dentro de este sitio web pueden ser enlaces de afiliados. Esto significa que, sin costo adicional para usted, podemos recibir una peque\u00f1a comisi\u00f3n si hace clic en ciertos enlaces y realiza una reserva, compra o contrataci\u00f3n mediante plataformas o proveedores externos.<\/p>\n<h2 data-section-id=\"j50lre\" data-start=\"477\" data-end=\"514\">\u00bfQu\u00e9 son los enlaces de afiliados?<\/h2>\n<p data-start=\"516\" data-end=\"682\">Los enlaces de afiliados son enlaces especiales de seguimiento que permiten a empresas asociadas identificar que un visitante fue referido a trav\u00e9s de Curacao My Way.<\/p>\n<p data-start=\"684\" data-end=\"729\">Estas comisiones ayudan a mantener y mejorar:<\/p>\n<ul data-start=\"731\" data-end=\"951\">\n<li data-section-id=\"1s9t0if\" data-start=\"731\" data-end=\"764\">El funcionamiento del sitio web<\/li>\n<li data-section-id=\"1qiji6d\" data-start=\"765\" data-end=\"801\">La creaci\u00f3n de contenido tur\u00edstico<\/li>\n<li data-section-id=\"18t9raj\" data-start=\"802\" data-end=\"822\">Las gu\u00edas de viaje<\/li>\n<li data-section-id=\"1fys1xu\" data-start=\"823\" data-end=\"859\">La investigaci\u00f3n y recomendaciones<\/li>\n<li data-section-id=\"1mth6ck\" data-start=\"860\" data-end=\"904\">Los costos operativos y de alojamiento web<\/li>\n<li data-section-id=\"1txs9si\" data-start=\"905\" data-end=\"951\">El crecimiento y desarrollo de la plataforma<\/li>\n<\/ul>\n<p data-start=\"953\" data-end=\"1023\">El uso de enlaces de afiliados no incrementa el precio que usted paga.<\/p>\n<h2 data-section-id=\"1t6bvnv\" data-start=\"1025\" data-end=\"1075\">Nuestro compromiso con recomendaciones honestas<\/h2>\n<p data-start=\"1077\" data-end=\"1225\">Solo recomendamos productos, servicios, tours, alojamientos o experiencias que consideramos que pueden aportar valor a nuestros lectores y viajeros.<\/p>\n<p data-start=\"1227\" data-end=\"1239\">Sin embargo:<\/p>\n<ul data-start=\"1241\" data-end=\"1486\">\n<li data-section-id=\"1uqrgws\" data-start=\"1241\" data-end=\"1304\">Las experiencias y servicios pueden variar seg\u00fan el proveedor<\/li>\n<li data-section-id=\"11wlj32\" data-start=\"1305\" data-end=\"1380\">Los precios, disponibilidad y condiciones pueden cambiar sin previo aviso<\/li>\n<li data-section-id=\"2s6jk1\" data-start=\"1381\" data-end=\"1486\">El acuerdo final de reserva o compra siempre es entre el cliente y el proveedor externo correspondiente<\/li>\n<\/ul>\n<p data-start=\"1488\" data-end=\"1604\">Recomendamos verificar directamente con el proveedor cualquier informaci\u00f3n importante antes de realizar una reserva.<\/p>\n<h2 data-section-id=\"17pfekk\" data-start=\"1606\" data-end=\"1631\">Sitios web de terceros<\/h2>\n<p data-start=\"1633\" data-end=\"1718\">Curacao My Way puede incluir enlaces hacia sitios web externos operados por terceros.<\/p>\n<p data-start=\"1720\" data-end=\"1746\">No somos responsables por:<\/p>\n<ul data-start=\"1748\" data-end=\"1939\">\n<li data-section-id=\"1gz8f7s\" data-start=\"1748\" data-end=\"1781\">El contenido de sitios externos<\/li>\n<li data-section-id=\"jvdhmo\" data-start=\"1782\" data-end=\"1802\">Cambios de precios<\/li>\n<li data-section-id=\"c7g5bh\" data-start=\"1803\" data-end=\"1832\">Disponibilidad de servicios<\/li>\n<li data-section-id=\"16fgsbj\" data-start=\"1833\" data-end=\"1857\">Condiciones de reserva<\/li>\n<li data-section-id=\"mhq9ly\" data-start=\"1858\" data-end=\"1895\">Pol\u00edticas de privacidad de terceros<\/li>\n<li data-section-id=\"rpuzu0\" data-start=\"1896\" data-end=\"1939\">Servicios ofrecidos por empresas externas<\/li>\n<\/ul>\n<p data-start=\"1941\" data-end=\"2016\">El acceso a sitios de terceros se realiza bajo responsabilidad del usuario.<\/p>\n<h2 data-section-id=\"1ijsr93\" data-start=\"2018\" data-end=\"2059\">Contenido patrocinado y colaboraciones<\/h2>\n<p data-start=\"2061\" data-end=\"2110\">En ocasiones, Curacao My Way puede participar en:<\/p>\n<ul data-start=\"2112\" data-end=\"2247\">\n<li data-section-id=\"2cjue9\" data-start=\"2112\" data-end=\"2141\">Colaboraciones patrocinadas<\/li>\n<li data-section-id=\"hjrgfe\" data-start=\"2142\" data-end=\"2166\">Campa\u00f1as promocionales<\/li>\n<li data-section-id=\"18taszu\" data-start=\"2167\" data-end=\"2188\">Alianzas tur\u00edsticas<\/li>\n<li data-section-id=\"1bfzxoz\" data-start=\"2189\" data-end=\"2208\">Publicidad pagada<\/li>\n<li data-section-id=\"1od7138\" data-start=\"2209\" data-end=\"2247\">Press trips o invitaciones de medios<\/li>\n<\/ul>\n<p data-start=\"2249\" data-end=\"2351\">Cuando sea posible, intentaremos indicar claramente cuando un contenido sea patrocinado o promocional.<\/p>\n<p data-start=\"2353\" data-end=\"2471\">Nuestras opiniones y recomendaciones contin\u00faan bas\u00e1ndose en nuestras experiencias, investigaci\u00f3n y criterio editorial.<\/p>\n<h2 data-section-id=\"1c78x6y\" data-start=\"2473\" data-end=\"2484\">Contacto<\/h2>\n<p data-start=\"2486\" data-end=\"2564\">Si tiene preguntas sobre este Aviso de Afiliados, puede contactarnos mediante:<\/p>\n<p data-start=\"2566\" data-end=\"2650\" data-is-last-node=\"\" data-is-only-node=\"\"><a data-start=\"2566\" data-end=\"2650\" rel=\"noopener\" target=\"_new\" class=\"decorated-link\" data-is-last-node=\"\" href=\"https:\/\/curacaomyway.com\/en\/contacto\/?utm_source=chatgpt.com\">Contacto Curacao My Way<\/a><\/p>\n<p>[\/et_pb_text][\/et_pb_column][\/et_pb_row][\/et_pb_section]<\/p>\n","protected":false},"excerpt":{"rendered":"<p>\u00daltima actualizaci\u00f3n: Mayo 2026 En Curacao My Way valoramos la transparencia y la confianza de nuestros visitantes. Algunos enlaces dentro de este sitio web pueden ser enlaces de afiliados. Esto significa que, sin costo adicional para usted, podemos recibir una peque\u00f1a comisi\u00f3n si hace clic en ciertos enlaces y realiza una reserva, compra o contrataci\u00f3n [&hellip;]<\/p>\n","protected":false},"author":1,"featured_media":210363,"parent":0,"menu_order":0,"comment_status":"closed","ping_status":"closed","template":"","meta":{"_et_pb_use_builder":"on","_et_pb_old_content":"","_et_gb_content_width":"","_joinchat":[],"footnotes":""},"class_list":["post-210358","page","type-page","status-publish","has-post-thumbnail","hentry"],"yoast_head":"<!-- This site is optimized with the Yoast SEO plugin v27.4 - https:\/\/yoast.com\/product\/yoast-seo-wordpress\/ -->\n<title>Declaraci\u00f3n de afiliados | Curacao My Way<\/title>\n<meta name=\"robots\" content=\"index, follow, max-snippet:-1, max-image-preview:large, max-video-preview:-1\" \/>\n<link rel=\"canonical\" href=\"https:\/\/curacaomyway.com\/en\/declaracion-de-afiliados\/\" \/>\n<meta property=\"og:locale\" content=\"en_US\" \/>\n<meta property=\"og:type\" content=\"article\" \/>\n<meta property=\"og:title\" content=\"Declaraci\u00f3n de afiliados | Curacao My Way\" \/>\n<meta property=\"og:description\" content=\"\u00daltima actualizaci\u00f3n: Mayo 2026 En Curacao My Way valoramos la transparencia y la confianza de nuestros visitantes. Algunos enlaces dentro de este sitio web pueden ser enlaces de afiliados. Esto significa que, sin costo adicional para usted, podemos recibir una peque\u00f1a comisi\u00f3n si hace clic en ciertos enlaces y realiza una reserva, compra o contrataci\u00f3n [&hellip;]\" \/>\n<meta property=\"og:url\" content=\"https:\/\/curacaomyway.com\/en\/declaracion-de-afiliados\/\" \/>\n<meta property=\"og:site_name\" content=\"Curacao My Way\" \/>\n<meta property=\"article:publisher\" content=\"https:\/\/www.facebook.com\/curacaomyway\" \/>\n<meta property=\"article:modified_time\" content=\"2026-05-11T15:24:13+00:00\" \/>\n<meta property=\"og:image\" content=\"https:\/\/curacaomyway.com\/wp-content\/uploads\/2024\/10\/online-shopping-ecommerce-ss-1920.png\" \/>\n\t<meta property=\"og:image:width\" content=\"1920\" \/>\n\t<meta property=\"og:image:height\" content=\"1080\" \/>\n\t<meta property=\"og:image:type\" content=\"image\/png\" \/>\n<meta name=\"twitter:card\" content=\"summary_large_image\" \/>\n<meta name=\"twitter:label1\" content=\"Est. reading time\" \/>\n\t<meta name=\"twitter:data1\" content=\"2 minutes\" \/>\n<script type=\"application\/ld+json\" class=\"yoast-schema-graph\">{\"@context\":\"https:\\\/\\\/schema.org\",\"@graph\":[{\"@type\":\"WebPage\",\"@id\":\"https:\\\/\\\/curacaomyway.com\\\/en\\\/declaracion-de-afiliados\\\/\",\"url\":\"https:\\\/\\\/curacaomyway.com\\\/en\\\/declaracion-de-afiliados\\\/\",\"name\":\"Declaraci\u00f3n de afiliados | Curacao My Way\",\"isPartOf\":{\"@id\":\"https:\\\/\\\/curacaomyway.com\\\/en\\\/#website\"},\"primaryImageOfPage\":{\"@id\":\"https:\\\/\\\/curacaomyway.com\\\/en\\\/declaracion-de-afiliados\\\/#primaryimage\"},\"image\":{\"@id\":\"https:\\\/\\\/curacaomyway.com\\\/en\\\/declaracion-de-afiliados\\\/#primaryimage\"},\"thumbnailUrl\":\"https:\\\/\\\/curacaomyway.com\\\/wp-content\\\/uploads\\\/2024\\\/10\\\/online-shopping-ecommerce-ss-1920.png\",\"datePublished\":\"2024-10-13T23:21:26+00:00\",\"dateModified\":\"2026-05-11T15:24:13+00:00\",\"breadcrumb\":{\"@id\":\"https:\\\/\\\/curacaomyway.com\\\/en\\\/declaracion-de-afiliados\\\/#breadcrumb\"},\"inLanguage\":\"en-US\",\"potentialAction\":[{\"@type\":\"ReadAction\",\"target\":[\"https:\\\/\\\/curacaomyway.com\\\/en\\\/declaracion-de-afiliados\\\/\"]}]},{\"@type\":\"ImageObject\",\"inLanguage\":\"en-US\",\"@id\":\"https:\\\/\\\/curacaomyway.com\\\/en\\\/declaracion-de-afiliados\\\/#primaryimage\",\"url\":\"https:\\\/\\\/curacaomyway.com\\\/wp-content\\\/uploads\\\/2024\\\/10\\\/online-shopping-ecommerce-ss-1920.png\",\"contentUrl\":\"https:\\\/\\\/curacaomyway.com\\\/wp-content\\\/uploads\\\/2024\\\/10\\\/online-shopping-ecommerce-ss-1920.png\",\"width\":1920,\"height\":1080},{\"@type\":\"BreadcrumbList\",\"@id\":\"https:\\\/\\\/curacaomyway.com\\\/en\\\/declaracion-de-afiliados\\\/#breadcrumb\",\"itemListElement\":[{\"@type\":\"ListItem\",\"position\":1,\"name\":\"Home\",\"item\":\"https:\\\/\\\/curacaomyway.com\\\/en\\\/inicio\\\/\"},{\"@type\":\"ListItem\",\"position\":2,\"name\":\"Declaraci\u00f3n de afiliados\"}]},{\"@type\":\"WebSite\",\"@id\":\"https:\\\/\\\/curacaomyway.com\\\/en\\\/#website\",\"url\":\"https:\\\/\\\/curacaomyway.com\\\/en\\\/\",\"name\":\"Curacao My Way\",\"description\":\"Tu gu\u00eda N. 1 sobre Curacao\",\"publisher\":{\"@id\":\"https:\\\/\\\/curacaomyway.com\\\/en\\\/#organization\"},\"potentialAction\":[{\"@type\":\"SearchAction\",\"target\":{\"@type\":\"EntryPoint\",\"urlTemplate\":\"https:\\\/\\\/curacaomyway.com\\\/en\\\/?s={search_term_string}\"},\"query-input\":{\"@type\":\"PropertyValueSpecification\",\"valueRequired\":true,\"valueName\":\"search_term_string\"}}],\"inLanguage\":\"en-US\"},{\"@type\":\"Organization\",\"@id\":\"https:\\\/\\\/curacaomyway.com\\\/en\\\/#organization\",\"name\":\"Curacao My Way\",\"url\":\"https:\\\/\\\/curacaomyway.com\\\/en\\\/\",\"logo\":{\"@type\":\"ImageObject\",\"inLanguage\":\"en-US\",\"@id\":\"https:\\\/\\\/curacaomyway.com\\\/en\\\/#\\\/schema\\\/logo\\\/image\\\/\",\"url\":\"https:\\\/\\\/curacaomyway.com\\\/wp-content\\\/uploads\\\/2024\\\/12\\\/Circle-Seaside-Escape-Resort-Hotel-Logo-4.png\",\"contentUrl\":\"https:\\\/\\\/curacaomyway.com\\\/wp-content\\\/uploads\\\/2024\\\/12\\\/Circle-Seaside-Escape-Resort-Hotel-Logo-4.png\",\"width\":500,\"height\":500,\"caption\":\"Curacao My Way\"},\"image\":{\"@id\":\"https:\\\/\\\/curacaomyway.com\\\/en\\\/#\\\/schema\\\/logo\\\/image\\\/\"},\"sameAs\":[\"https:\\\/\\\/www.facebook.com\\\/curacaomyway\"]}]}<\/script>\n<!-- \/ Yoast SEO plugin. -->","yoast_head_json":{"title":"Declaraci\u00f3n de afiliados | Curacao My Way","robots":{"index":"index","follow":"follow","max-snippet":"max-snippet:-1","max-image-preview":"max-image-preview:large","max-video-preview":"max-video-preview:-1"},"canonical":"https:\/\/curacaomyway.com\/en\/declaracion-de-afiliados\/","og_locale":"en_US","og_type":"article","og_title":"Declaraci\u00f3n de afiliados | Curacao My Way","og_description":"\u00daltima actualizaci\u00f3n: Mayo 2026 En Curacao My Way valoramos la transparencia y la confianza de nuestros visitantes. Algunos enlaces dentro de este sitio web pueden ser enlaces de afiliados. Esto significa que, sin costo adicional para usted, podemos recibir una peque\u00f1a comisi\u00f3n si hace clic en ciertos enlaces y realiza una reserva, compra o contrataci\u00f3n [&hellip;]","og_url":"https:\/\/curacaomyway.com\/en\/declaracion-de-afiliados\/","og_site_name":"Curacao My Way","article_publisher":"https:\/\/www.facebook.com\/curacaomyway","article_modified_time":"2026-05-11T15:24:13+00:00","og_image":[{"width":1920,"height":1080,"url":"https:\/\/curacaomyway.com\/wp-content\/uploads\/2024\/10\/online-shopping-ecommerce-ss-1920.png","type":"image\/png"}],"twitter_card":"summary_large_image","twitter_misc":{"Est. reading time":"2 minutes"},"schema":{"@context":"https:\/\/schema.org","@graph":[{"@type":"WebPage","@id":"https:\/\/curacaomyway.com\/en\/declaracion-de-afiliados\/","url":"https:\/\/curacaomyway.com\/en\/declaracion-de-afiliados\/","name":"Declaraci\u00f3n de afiliados | Curacao My Way","isPartOf":{"@id":"https:\/\/curacaomyway.com\/en\/#website"},"primaryImageOfPage":{"@id":"https:\/\/curacaomyway.com\/en\/declaracion-de-afiliados\/#primaryimage"},"image":{"@id":"https:\/\/curacaomyway.com\/en\/declaracion-de-afiliados\/#primaryimage"},"thumbnailUrl":"https:\/\/curacaomyway.com\/wp-content\/uploads\/2024\/10\/online-shopping-ecommerce-ss-1920.png","datePublished":"2024-10-13T23:21:26+00:00","dateModified":"2026-05-11T15:24:13+00:00","breadcrumb":{"@id":"https:\/\/curacaomyway.com\/en\/declaracion-de-afiliados\/#breadcrumb"},"inLanguage":"en-US","potentialAction":[{"@type":"ReadAction","target":["https:\/\/curacaomyway.com\/en\/declaracion-de-afiliados\/"]}]},{"@type":"ImageObject","inLanguage":"en-US","@id":"https:\/\/curacaomyway.com\/en\/declaracion-de-afiliados\/#primaryimage","url":"https:\/\/curacaomyway.com\/wp-content\/uploads\/2024\/10\/online-shopping-ecommerce-ss-1920.png","contentUrl":"https:\/\/curacaomyway.com\/wp-content\/uploads\/2024\/10\/online-shopping-ecommerce-ss-1920.png","width":1920,"height":1080},{"@type":"BreadcrumbList","@id":"https:\/\/curacaomyway.com\/en\/declaracion-de-afiliados\/#breadcrumb","itemListElement":[{"@type":"ListItem","position":1,"name":"Home","item":"https:\/\/curacaomyway.com\/en\/inicio\/"},{"@type":"ListItem","position":2,"name":"Declaraci\u00f3n de afiliados"}]},{"@type":"WebSite","@id":"https:\/\/curacaomyway.com\/en\/#website","url":"https:\/\/curacaomyway.com\/en\/","name":"Curacao My Way","description":"Tu gu\u00eda N. 1 sobre Curacao","publisher":{"@id":"https:\/\/curacaomyway.com\/en\/#organization"},"potentialAction":[{"@type":"SearchAction","target":{"@type":"EntryPoint","urlTemplate":"https:\/\/curacaomyway.com\/en\/?s={search_term_string}"},"query-input":{"@type":"PropertyValueSpecification","valueRequired":true,"valueName":"search_term_string"}}],"inLanguage":"en-US"},{"@type":"Organization","@id":"https:\/\/curacaomyway.com\/en\/#organization","name":"Curacao My Way","url":"https:\/\/curacaomyway.com\/en\/","logo":{"@type":"ImageObject","inLanguage":"en-US","@id":"https:\/\/curacaomyway.com\/en\/#\/schema\/logo\/image\/","url":"https:\/\/curacaomyway.com\/wp-content\/uploads\/2024\/12\/Circle-Seaside-Escape-Resort-Hotel-Logo-4.png","contentUrl":"https:\/\/curacaomyway.com\/wp-content\/uploads\/2024\/12\/Circle-Seaside-Escape-Resort-Hotel-Logo-4.png","width":500,"height":500,"caption":"Curacao My Way"},"image":{"@id":"https:\/\/curacaomyway.com\/en\/#\/schema\/logo\/image\/"},"sameAs":["https:\/\/www.facebook.com\/curacaomyway"]}]}},"_links":{"self":[{"href":"https:\/\/curacaomyway.com\/en\/wp-json\/wp\/v2\/pages\/210358","targetHints":{"allow":["GET"]}}],"collection":[{"href":"https:\/\/curacaomyway.com\/en\/wp-json\/wp\/v2\/pages"}],"about":[{"href":"https:\/\/curacaomyway.com\/en\/wp-json\/wp\/v2\/types\/page"}],"author":[{"embeddable":true,"href":"https:\/\/curacaomyway.com\/en\/wp-json\/wp\/v2\/users\/1"}],"replies":[{"embeddable":true,"href":"https:\/\/curacaomyway.com\/en\/wp-json\/wp\/v2\/comments?post=210358"}],"version-history":[{"count":6,"href":"https:\/\/curacaomyway.com\/en\/wp-json\/wp\/v2\/pages\/210358\/revisions"}],"predecessor-version":[{"id":284140,"href":"https:\/\/curacaomyway.com\/en\/wp-json\/wp\/v2\/pages\/210358\/revisions\/284140"}],"wp:featuredmedia":[{"embeddable":true,"href":"https:\/\/curacaomyway.com\/en\/wp-json\/wp\/v2\/media\/210363"}],"wp:attachment":[{"href":"https:\/\/curacaomyway.com\/en\/wp-json\/wp\/v2\/media?parent=210358"}],"curies":[{"name":"wp","href":"https:\/\/api.w.org\/{rel}","templated":true}]}}