{"id":211651,"date":"2023-08-08T19:53:26","date_gmt":"2023-08-08T19:53:26","guid":{"rendered":"https:\/\/curacaomyway.com\/?p=211651"},"modified":"2025-11-05T00:18:34","modified_gmt":"2025-11-05T00:18:34","slug":"catamaran-adventure-to-klein-curacao-with-cool-runnings","status":"publish","type":"product","link":"https:\/\/curacaomyway.com\/en\/tour\/catamaran-adventure-to-klein-curacao-with-cool-runnings\/","title":{"rendered":"Catamaran adventure to Klein Curacao with &#8216;Cool Runnings&#8217;."},"content":{"rendered":"<p>[et_pb_section fb_built=&#8221;1&#8243; _builder_version=&#8221;4.16&#8243; background_color=&#8221;rgba(255, 255, 255, 0)&#8221; custom_padding=&#8221;0px||||false|false&#8221; global_colors_info=&#8221;{}&#8221;][et_pb_row _builder_version=&#8221;4.16&#8243; background_size=&#8221;initial&#8221; background_position=&#8221;top_left&#8221; background_repeat=&#8221;repeat&#8221; width=&#8221;100%&#8221; custom_padding=&#8221;0px||0px||false|false&#8221; global_colors_info=&#8221;{}&#8221;][et_pb_column type=&#8221;4_4&#8243; _builder_version=&#8221;4.16&#8243; custom_padding=&#8221;|||&#8221; global_colors_info=&#8221;{}&#8221; custom_padding__hover=&#8221;|||&#8221;][et_pb_wc_breadcrumb _builder_version=&#8221;4.16&#8243; global_colors_info=&#8221;{}&#8221;][\/et_pb_wc_breadcrumb][et_pb_wc_cart_notice _builder_version=&#8221;4.16&#8243; global_colors_info=&#8221;{}&#8221;][\/et_pb_wc_cart_notice][\/et_pb_column][\/et_pb_row][et_pb_row column_structure=&#8221;1_2,1_2&#8243; _builder_version=&#8221;4.16&#8243; background_size=&#8221;initial&#8221; background_position=&#8221;top_left&#8221; background_repeat=&#8221;repeat&#8221; width=&#8221;100%&#8221; custom_padding=&#8221;0px||||false|false&#8221; global_colors_info=&#8221;{}&#8221;][et_pb_column type=&#8221;1_2&#8243; _builder_version=&#8221;4.16&#8243; custom_padding=&#8221;|||&#8221; global_colors_info=&#8221;{}&#8221; custom_padding__hover=&#8221;|||&#8221;][et_pb_wc_images _builder_version=&#8221;4.16&#8243; global_colors_info=&#8221;{}&#8221;][\/et_pb_wc_images][\/et_pb_column][et_pb_column type=&#8221;1_2&#8243; _builder_version=&#8221;4.16&#8243; custom_padding=&#8221;|||&#8221; global_colors_info=&#8221;{}&#8221; custom_padding__hover=&#8221;|||&#8221;][et_pb_wc_title _builder_version=&#8221;4.16&#8243; global_colors_info=&#8221;{}&#8221;][\/et_pb_wc_title][et_pb_code _builder_version=&#8221;4.27.4&#8243; _module_preset=&#8221;default&#8221; hover_enabled=&#8221;0&#8243; global_colors_info=&#8221;{}&#8221; sticky_enabled=&#8221;0&#8243;]<script type=\"text\/javascript\" src=\"https:\/\/widgets.bokun.io\/assets\/javascripts\/apps\/build\/BokunWidgetsLoader.js?bookingChannelUUID=5f759a6b-e4d9-408c-bcd0-c70ad4beb64b\" async><\/script> <\/p>\n<div class=\"bokunWidget\" data-src=\"https:\/\/widgets.bokun.io\/online-sales\/5f759a6b-e4d9-408c-bcd0-c70ad4beb64b\/experience-calendar\/1099819\"><\/div>\n<div id=\"caribious\" style=\"font-family:Arial, Helvetica, sans-serif; font-size:14px\"><!-- [et_pb_line_break_holder] -->    <pee>Bookings powered by: <a<!-- [et_pb_line_break_holder] --><!-- [et_pb_line_break_holder] -->            href=&#8221;https:\/\/www.caribious.com\/?utm_source=bookings-widget&#038;utm_medium=referral&#038;utm_campaign=widget-subvendor&#8221;<!-- [et_pb_line_break_holder] --><!-- [et_pb_line_break_holder] -->            target=&#8221;_blank&#8221;><img decoding=\"async\" data-src=\"https:\/\/caribious.com\/images\/logo.png\" width=\"100px\" src=\"data:image\/svg+xml;base64,PHN2ZyB3aWR0aD0iMSIgaGVpZ2h0PSIxIiB4bWxucz0iaHR0cDovL3d3dy53My5vcmcvMjAwMC9zdmciPjwvc3ZnPg==\" class=\"lazyload\" \/><\/a><\/pee><\/div>\n<p><!-- [et_pb_line_break_holder] --><!-- [et_pb_line_break_holder] -->[\/et_pb_code][et_pb_wc_rating _builder_version=&#8221;4.16&#8243; global_colors_info=&#8221;{}&#8221;][\/et_pb_wc_rating][et_pb_wc_price _builder_version=&#8221;4.16&#8243; global_colors_info=&#8221;{}&#8221;][\/et_pb_wc_price][et_pb_wc_description _builder_version=&#8221;4.16&#8243; global_colors_info=&#8221;{}&#8221;][\/et_pb_wc_description][et_pb_wc_meta _builder_version=&#8221;4.16&#8243; global_colors_info=&#8221;{}&#8221;][\/et_pb_wc_meta][\/et_pb_column][\/et_pb_row][et_pb_row _builder_version=&#8221;4.16&#8243; background_size=&#8221;initial&#8221; background_position=&#8221;top_left&#8221; background_repeat=&#8221;repeat&#8221; width=&#8221;100%&#8221; global_colors_info=&#8221;{}&#8221;][et_pb_column type=&#8221;4_4&#8243; _builder_version=&#8221;4.16&#8243; custom_padding=&#8221;|||&#8221; global_colors_info=&#8221;{}&#8221; custom_padding__hover=&#8221;|||&#8221;][et_pb_wc_tabs _builder_version=&#8221;4.16&#8243; global_colors_info=&#8221;{}&#8221;]\t\t\t\t\t[\/et_pb_wc_tabs][et_pb_wc_upsells columns_number=&#8221;3&#8243; _builder_version=&#8221;4.16&#8243; global_colors_info=&#8221;{}&#8221;][\/et_pb_wc_upsells][et_pb_wc_related_products columns_number=&#8221;3&#8243; _builder_version=&#8221;4.16&#8243; global_colors_info=&#8221;{}&#8221;][\/et_pb_wc_related_products][\/et_pb_column][\/et_pb_row][\/et_pb_section]<\/p>\n","protected":false},"excerpt":{"rendered":"<p>Book your full day adventure in paradise aboard the &#8216;cool runnings&#8217; catamaran.<\/p>\n","protected":false},"featured_media":211661,"template":"","meta":{"_et_pb_use_builder":"on","_et_pb_old_content":"Esta excursi\u00f3n en catamar\u00e1n a Klein Cura\u00e7ao dura un d\u00eda completo.\r\nComienza este d\u00eda perfecto alrededor de las 07:30 frente al restaurante La Costa Nostra (antes Meat the Fish) y podr\u00e1s disfrutar de un desayuno con t\u00e9 o caf\u00e9 a bordo.\r\n\r\nA continuaci\u00f3n, el catamar\u00e1n te llevar\u00e1 a Klein Cura\u00e7ao en aproximadamente 1,5 horas. Estando all\u00e1, podr\u00e1s disfrutar del agua cristalina, visitar el antiguo faro de Klein Curacao y los restos de naufragios, o podr\u00e1s simplemente buscar un lugar donde relajarte o disfrutar del mar.\r\n\r\nA mediod\u00eda llegar\u00e1 la hora de comer y en el barco le estar\u00e1n esperando hamburguesas y perros calientes. Si eres vegetariano, menci\u00f3nalo durante la reserva.\r\n\r\nPara el viaje de vuelta, si hay viento suficiente, se desplegar\u00e1n las velas y navegar\u00e1s tranquilamente a tierra firme mientras disfruta de las vistas y del ambiente relajado desde las redes del barco. Estar\u00e1s de vuelta en Cura\u00e7ao sobre las 17:00.","_et_gb_content_width":"","_joinchat":[]},"product_brand":[822],"product_cat":[811,256],"product_tag":[257,281,259],"class_list":{"0":"post-211651","1":"product","2":"type-product","3":"status-publish","4":"has-post-thumbnail","6":"product_brand-irie-tours","7":"product_cat-boat-trips","8":"product_cat-klein-curacao-en","9":"product_tag-catamaran-en","10":"product_tag-curazao-en","11":"product_tag-klein-curacao-en","13":"first","14":"instock","15":"featured","16":"taxable","17":"shipping-taxable","18":"product-type-external"},"yoast_head":"<!-- This site is optimized with the Yoast SEO plugin v27.4 - https:\/\/yoast.com\/product\/yoast-seo-wordpress\/ -->\n<title>Klein Curacao on Catamaran + open bar | For only $120 USD | Curacao My Way % For only $120 USD | Curacao My Way %<\/title>\n<meta name=\"description\" content=\"Book this catamaran adventure to Klein Curacao with the boat &#039;Cool Runnings&#039;. A tour that will not disappoint you!\" \/>\n<meta name=\"robots\" content=\"index, follow, max-snippet:-1, max-image-preview:large, max-video-preview:-1\" \/>\n<link rel=\"canonical\" href=\"https:\/\/curacaomyway.com\/en\/tour\/catamaran-adventure-to-klein-curacao-with-cool-runnings\/\" \/>\n<meta property=\"og:locale\" content=\"en_US\" \/>\n<meta property=\"og:type\" content=\"article\" \/>\n<meta property=\"og:title\" content=\"Klein Curacao on Catamaran + open bar | For only $120 USD | Curacao My Way % For only $120 USD | Curacao My Way %\" \/>\n<meta property=\"og:description\" content=\"Book this catamaran adventure to Klein Curacao with the boat &#039;Cool Runnings&#039;. A tour that will not disappoint you!\" \/>\n<meta property=\"og:url\" content=\"https:\/\/curacaomyway.com\/en\/tour\/catamaran-adventure-to-klein-curacao-with-cool-runnings\/\" \/>\n<meta property=\"og:site_name\" content=\"Curacao My Way\" \/>\n<meta property=\"article:publisher\" content=\"https:\/\/www.facebook.com\/curacaomyway\" \/>\n<meta property=\"article:modified_time\" content=\"2025-11-05T00:18:34+00:00\" \/>\n<meta property=\"og:image\" content=\"https:\/\/curacaomyway.com\/wp-content\/uploads\/2022\/06\/a8.jpg\" \/>\n\t<meta property=\"og:image:width\" content=\"669\" \/>\n\t<meta property=\"og:image:height\" content=\"446\" \/>\n\t<meta property=\"og:image:type\" content=\"image\/jpeg\" \/>\n<meta name=\"twitter:card\" content=\"summary_large_image\" \/>\n<meta name=\"twitter:label1\" content=\"Est. reading time\" \/>\n\t<meta name=\"twitter:data1\" content=\"4 minutes\" \/>\n<script type=\"application\/ld+json\" class=\"yoast-schema-graph\">{\"@context\":\"https:\\\/\\\/schema.org\",\"@graph\":[{\"@type\":\"WebPage\",\"@id\":\"https:\\\/\\\/curacaomyway.com\\\/en\\\/tour\\\/catamaran-adventure-to-klein-curacao-with-cool-runnings\\\/\",\"url\":\"https:\\\/\\\/curacaomyway.com\\\/en\\\/tour\\\/catamaran-adventure-to-klein-curacao-with-cool-runnings\\\/\",\"name\":\"Klein Curacao on Catamaran + open bar | For only $120 USD | Curacao My Way % For only $120 USD | Curacao My Way %\",\"isPartOf\":{\"@id\":\"https:\\\/\\\/curacaomyway.com\\\/en\\\/#website\"},\"primaryImageOfPage\":{\"@id\":\"https:\\\/\\\/curacaomyway.com\\\/en\\\/tour\\\/catamaran-adventure-to-klein-curacao-with-cool-runnings\\\/#primaryimage\"},\"image\":{\"@id\":\"https:\\\/\\\/curacaomyway.com\\\/en\\\/tour\\\/catamaran-adventure-to-klein-curacao-with-cool-runnings\\\/#primaryimage\"},\"thumbnailUrl\":\"https:\\\/\\\/curacaomyway.com\\\/wp-content\\\/uploads\\\/2022\\\/06\\\/a8.jpg\",\"datePublished\":\"2023-08-08T19:53:26+00:00\",\"dateModified\":\"2025-11-05T00:18:34+00:00\",\"description\":\"Book this catamaran adventure to Klein Curacao with the boat 'Cool Runnings'. A tour that will not disappoint you!\",\"breadcrumb\":{\"@id\":\"https:\\\/\\\/curacaomyway.com\\\/en\\\/tour\\\/catamaran-adventure-to-klein-curacao-with-cool-runnings\\\/#breadcrumb\"},\"inLanguage\":\"en-US\",\"potentialAction\":[{\"@type\":\"ReadAction\",\"target\":[\"https:\\\/\\\/curacaomyway.com\\\/en\\\/tour\\\/catamaran-adventure-to-klein-curacao-with-cool-runnings\\\/\"]}]},{\"@type\":\"ImageObject\",\"inLanguage\":\"en-US\",\"@id\":\"https:\\\/\\\/curacaomyway.com\\\/en\\\/tour\\\/catamaran-adventure-to-klein-curacao-with-cool-runnings\\\/#primaryimage\",\"url\":\"https:\\\/\\\/curacaomyway.com\\\/wp-content\\\/uploads\\\/2022\\\/06\\\/a8.jpg\",\"contentUrl\":\"https:\\\/\\\/curacaomyway.com\\\/wp-content\\\/uploads\\\/2022\\\/06\\\/a8.jpg\",\"width\":669,\"height\":446},{\"@type\":\"BreadcrumbList\",\"@id\":\"https:\\\/\\\/curacaomyway.com\\\/en\\\/tour\\\/catamaran-adventure-to-klein-curacao-with-cool-runnings\\\/#breadcrumb\",\"itemListElement\":[{\"@type\":\"ListItem\",\"position\":1,\"name\":\"Home\",\"item\":\"https:\\\/\\\/curacaomyway.com\\\/en\\\/inicio\\\/\"},{\"@type\":\"ListItem\",\"position\":2,\"name\":\"Shop\",\"item\":\"https:\\\/\\\/curacaomyway.com\\\/en\\\/shop\\\/\"},{\"@type\":\"ListItem\",\"position\":3,\"name\":\"Catamaran adventure to Klein Curacao with &#8216;Cool Runnings&#8217;.\"}]},{\"@type\":\"WebSite\",\"@id\":\"https:\\\/\\\/curacaomyway.com\\\/en\\\/#website\",\"url\":\"https:\\\/\\\/curacaomyway.com\\\/en\\\/\",\"name\":\"Curacao My Way\",\"description\":\"Tu gu\u00eda N. 1 sobre Curacao\",\"publisher\":{\"@id\":\"https:\\\/\\\/curacaomyway.com\\\/en\\\/#organization\"},\"potentialAction\":[{\"@type\":\"SearchAction\",\"target\":{\"@type\":\"EntryPoint\",\"urlTemplate\":\"https:\\\/\\\/curacaomyway.com\\\/en\\\/?s={search_term_string}\"},\"query-input\":{\"@type\":\"PropertyValueSpecification\",\"valueRequired\":true,\"valueName\":\"search_term_string\"}}],\"inLanguage\":\"en-US\"},{\"@type\":\"Organization\",\"@id\":\"https:\\\/\\\/curacaomyway.com\\\/en\\\/#organization\",\"name\":\"Curacao My Way\",\"url\":\"https:\\\/\\\/curacaomyway.com\\\/en\\\/\",\"logo\":{\"@type\":\"ImageObject\",\"inLanguage\":\"en-US\",\"@id\":\"https:\\\/\\\/curacaomyway.com\\\/en\\\/#\\\/schema\\\/logo\\\/image\\\/\",\"url\":\"https:\\\/\\\/curacaomyway.com\\\/wp-content\\\/uploads\\\/2024\\\/12\\\/Circle-Seaside-Escape-Resort-Hotel-Logo-4.png\",\"contentUrl\":\"https:\\\/\\\/curacaomyway.com\\\/wp-content\\\/uploads\\\/2024\\\/12\\\/Circle-Seaside-Escape-Resort-Hotel-Logo-4.png\",\"width\":500,\"height\":500,\"caption\":\"Curacao My Way\"},\"image\":{\"@id\":\"https:\\\/\\\/curacaomyway.com\\\/en\\\/#\\\/schema\\\/logo\\\/image\\\/\"},\"sameAs\":[\"https:\\\/\\\/www.facebook.com\\\/curacaomyway\"]}]}<\/script>\n<!-- \/ Yoast SEO plugin. -->","yoast_head_json":{"title":"Klein Curacao on Catamaran + open bar | For only $120 USD | Curacao My Way % For only $120 USD | Curacao My Way %","description":"Book this catamaran adventure to Klein Curacao with the boat 'Cool Runnings'. A tour that will not disappoint you!","robots":{"index":"index","follow":"follow","max-snippet":"max-snippet:-1","max-image-preview":"max-image-preview:large","max-video-preview":"max-video-preview:-1"},"canonical":"https:\/\/curacaomyway.com\/en\/tour\/catamaran-adventure-to-klein-curacao-with-cool-runnings\/","og_locale":"en_US","og_type":"article","og_title":"Klein Curacao on Catamaran + open bar | For only $120 USD | Curacao My Way % For only $120 USD | Curacao My Way %","og_description":"Book this catamaran adventure to Klein Curacao with the boat 'Cool Runnings'. A tour that will not disappoint you!","og_url":"https:\/\/curacaomyway.com\/en\/tour\/catamaran-adventure-to-klein-curacao-with-cool-runnings\/","og_site_name":"Curacao My Way","article_publisher":"https:\/\/www.facebook.com\/curacaomyway","article_modified_time":"2025-11-05T00:18:34+00:00","og_image":[{"width":669,"height":446,"url":"https:\/\/curacaomyway.com\/wp-content\/uploads\/2022\/06\/a8.jpg","type":"image\/jpeg"}],"twitter_card":"summary_large_image","twitter_misc":{"Est. reading time":"4 minutes"},"schema":{"@context":"https:\/\/schema.org","@graph":[{"@type":"WebPage","@id":"https:\/\/curacaomyway.com\/en\/tour\/catamaran-adventure-to-klein-curacao-with-cool-runnings\/","url":"https:\/\/curacaomyway.com\/en\/tour\/catamaran-adventure-to-klein-curacao-with-cool-runnings\/","name":"Klein Curacao on Catamaran + open bar | For only $120 USD | Curacao My Way % For only $120 USD | Curacao My Way %","isPartOf":{"@id":"https:\/\/curacaomyway.com\/en\/#website"},"primaryImageOfPage":{"@id":"https:\/\/curacaomyway.com\/en\/tour\/catamaran-adventure-to-klein-curacao-with-cool-runnings\/#primaryimage"},"image":{"@id":"https:\/\/curacaomyway.com\/en\/tour\/catamaran-adventure-to-klein-curacao-with-cool-runnings\/#primaryimage"},"thumbnailUrl":"https:\/\/curacaomyway.com\/wp-content\/uploads\/2022\/06\/a8.jpg","datePublished":"2023-08-08T19:53:26+00:00","dateModified":"2025-11-05T00:18:34+00:00","description":"Book this catamaran adventure to Klein Curacao with the boat 'Cool Runnings'. A tour that will not disappoint you!","breadcrumb":{"@id":"https:\/\/curacaomyway.com\/en\/tour\/catamaran-adventure-to-klein-curacao-with-cool-runnings\/#breadcrumb"},"inLanguage":"en-US","potentialAction":[{"@type":"ReadAction","target":["https:\/\/curacaomyway.com\/en\/tour\/catamaran-adventure-to-klein-curacao-with-cool-runnings\/"]}]},{"@type":"ImageObject","inLanguage":"en-US","@id":"https:\/\/curacaomyway.com\/en\/tour\/catamaran-adventure-to-klein-curacao-with-cool-runnings\/#primaryimage","url":"https:\/\/curacaomyway.com\/wp-content\/uploads\/2022\/06\/a8.jpg","contentUrl":"https:\/\/curacaomyway.com\/wp-content\/uploads\/2022\/06\/a8.jpg","width":669,"height":446},{"@type":"BreadcrumbList","@id":"https:\/\/curacaomyway.com\/en\/tour\/catamaran-adventure-to-klein-curacao-with-cool-runnings\/#breadcrumb","itemListElement":[{"@type":"ListItem","position":1,"name":"Home","item":"https:\/\/curacaomyway.com\/en\/inicio\/"},{"@type":"ListItem","position":2,"name":"Shop","item":"https:\/\/curacaomyway.com\/en\/shop\/"},{"@type":"ListItem","position":3,"name":"Catamaran adventure to Klein Curacao with &#8216;Cool Runnings&#8217;."}]},{"@type":"WebSite","@id":"https:\/\/curacaomyway.com\/en\/#website","url":"https:\/\/curacaomyway.com\/en\/","name":"Curacao My Way","description":"Tu gu\u00eda N. 1 sobre Curacao","publisher":{"@id":"https:\/\/curacaomyway.com\/en\/#organization"},"potentialAction":[{"@type":"SearchAction","target":{"@type":"EntryPoint","urlTemplate":"https:\/\/curacaomyway.com\/en\/?s={search_term_string}"},"query-input":{"@type":"PropertyValueSpecification","valueRequired":true,"valueName":"search_term_string"}}],"inLanguage":"en-US"},{"@type":"Organization","@id":"https:\/\/curacaomyway.com\/en\/#organization","name":"Curacao My Way","url":"https:\/\/curacaomyway.com\/en\/","logo":{"@type":"ImageObject","inLanguage":"en-US","@id":"https:\/\/curacaomyway.com\/en\/#\/schema\/logo\/image\/","url":"https:\/\/curacaomyway.com\/wp-content\/uploads\/2024\/12\/Circle-Seaside-Escape-Resort-Hotel-Logo-4.png","contentUrl":"https:\/\/curacaomyway.com\/wp-content\/uploads\/2024\/12\/Circle-Seaside-Escape-Resort-Hotel-Logo-4.png","width":500,"height":500,"caption":"Curacao My Way"},"image":{"@id":"https:\/\/curacaomyway.com\/en\/#\/schema\/logo\/image\/"},"sameAs":["https:\/\/www.facebook.com\/curacaomyway"]}]}},"_links":{"self":[{"href":"https:\/\/curacaomyway.com\/en\/wp-json\/wp\/v2\/product\/211651","targetHints":{"allow":["GET"]}}],"collection":[{"href":"https:\/\/curacaomyway.com\/en\/wp-json\/wp\/v2\/product"}],"about":[{"href":"https:\/\/curacaomyway.com\/en\/wp-json\/wp\/v2\/types\/product"}],"wp:featuredmedia":[{"embeddable":true,"href":"https:\/\/curacaomyway.com\/en\/wp-json\/wp\/v2\/media\/211661"}],"wp:attachment":[{"href":"https:\/\/curacaomyway.com\/en\/wp-json\/wp\/v2\/media?parent=211651"}],"wp:term":[{"taxonomy":"product_brand","embeddable":true,"href":"https:\/\/curacaomyway.com\/en\/wp-json\/wp\/v2\/product_brand?post=211651"},{"taxonomy":"product_cat","embeddable":true,"href":"https:\/\/curacaomyway.com\/en\/wp-json\/wp\/v2\/product_cat?post=211651"},{"taxonomy":"product_tag","embeddable":true,"href":"https:\/\/curacaomyway.com\/en\/wp-json\/wp\/v2\/product_tag?post=211651"}],"curies":[{"name":"wp","href":"https:\/\/api.w.org\/{rel}","templated":true}]}}