{"id":219333,"date":"2025-09-22T10:31:29","date_gmt":"2025-09-22T10:31:29","guid":{"rendered":"https:\/\/curacaomyway.com\/?post_type=product&#038;p=219333"},"modified":"2025-11-05T00:26:58","modified_gmt":"2025-11-05T00:26:58","slug":"sunset-yacht-ride-in-willemstad-snacks-and-beverages-included-copia","status":"publish","type":"product","link":"https:\/\/curacaomyway.com\/en\/tour\/sunset-yacht-ride-in-willemstad-snacks-and-beverages-included-copia\/","title":{"rendered":"Half Day Kayak Tour in Cura\u00e7ao"},"content":{"rendered":"<p>[et_pb_section fb_built=&#8221;1&#8243; _builder_version=&#8221;4.16&#8243; background_color=&#8221;rgba(255, 255, 255, 0)&#8221; custom_padding=&#8221;0px||||false|false&#8221; global_colors_info=&#8221;{}&#8221;][et_pb_row _builder_version=&#8221;4.16&#8243; background_size=&#8221;initial&#8221; background_position=&#8221;top_left&#8221; background_repeat=&#8221;repeat&#8221; width=&#8221;100%&#8221; custom_padding=&#8221;0px||0px||false|false&#8221; global_colors_info=&#8221;{}&#8221;][et_pb_column type=&#8221;4_4&#8243; _builder_version=&#8221;4.16&#8243; custom_padding=&#8221;|||&#8221; global_colors_info=&#8221;{}&#8221; custom_padding__hover=&#8221;|||&#8221;][et_pb_wc_breadcrumb _builder_version=&#8221;4.16&#8243; global_colors_info=&#8221;{}&#8221;][\/et_pb_wc_breadcrumb][et_pb_wc_cart_notice _builder_version=&#8221;4.16&#8243; global_colors_info=&#8221;{}&#8221;][\/et_pb_wc_cart_notice][\/et_pb_column][\/et_pb_row][et_pb_row column_structure=&#8221;1_2,1_2&#8243; _builder_version=&#8221;4.16&#8243; background_size=&#8221;initial&#8221; background_position=&#8221;top_left&#8221; background_repeat=&#8221;repeat&#8221; width=&#8221;100%&#8221; custom_padding=&#8221;0px||||false|false&#8221; global_colors_info=&#8221;{}&#8221;][et_pb_column type=&#8221;1_2&#8243; _builder_version=&#8221;4.16&#8243; custom_padding=&#8221;|||&#8221; global_colors_info=&#8221;{}&#8221; custom_padding__hover=&#8221;|||&#8221;][et_pb_wc_images _builder_version=&#8221;4.16&#8243; global_colors_info=&#8221;{}&#8221;][\/et_pb_wc_images][\/et_pb_column][et_pb_column type=&#8221;1_2&#8243; _builder_version=&#8221;4.16&#8243; custom_padding=&#8221;|||&#8221; global_colors_info=&#8221;{}&#8221; custom_padding__hover=&#8221;|||&#8221;][et_pb_wc_title _builder_version=&#8221;4.16&#8243; global_colors_info=&#8221;{}&#8221;][\/et_pb_wc_title][et_pb_wc_rating _builder_version=&#8221;4.16&#8243; global_colors_info=&#8221;{}&#8221;][\/et_pb_wc_rating][et_pb_wc_price _builder_version=&#8221;4.16&#8243; global_colors_info=&#8221;{}&#8221;][\/et_pb_wc_price][et_pb_wc_description _builder_version=&#8221;4.16&#8243; global_colors_info=&#8221;{}&#8221;][\/et_pb_wc_description][et_pb_wc_add_to_cart _builder_version=&#8221;4.16&#8243; global_colors_info=&#8221;{}&#8221;][\/et_pb_wc_add_to_cart][et_pb_wc_meta _builder_version=&#8221;4.16&#8243; global_colors_info=&#8221;{}&#8221;][\/et_pb_wc_meta][\/et_pb_column][\/et_pb_row][et_pb_row _builder_version=&#8221;4.16&#8243; background_size=&#8221;initial&#8221; background_position=&#8221;top_left&#8221; background_repeat=&#8221;repeat&#8221; width=&#8221;100%&#8221; global_colors_info=&#8221;{}&#8221;][et_pb_column type=&#8221;4_4&#8243; _builder_version=&#8221;4.16&#8243; custom_padding=&#8221;|||&#8221; global_colors_info=&#8221;{}&#8221; custom_padding__hover=&#8221;|||&#8221;][et_pb_wc_tabs _builder_version=&#8221;4.16&#8243; global_colors_info=&#8221;{}&#8221;] [\/et_pb_wc_tabs][et_pb_wc_upsells columns_number=&#8221;3&#8243; _builder_version=&#8221;4.16&#8243; global_colors_info=&#8221;{}&#8221;][\/et_pb_wc_upsells][et_pb_wc_related_products columns_number=&#8221;3&#8243; _builder_version=&#8221;4.27.4&#8243; global_colors_info=&#8221;{}&#8221;][\/et_pb_wc_related_products][\/et_pb_column][\/et_pb_row][\/et_pb_section]<\/p>\n","protected":false},"excerpt":{"rendered":"<p data-start=\"178\" data-end=\"430\">Embark on a 2-hour water adventure from Willemstad where you will paddle kayaks, explore beaches and enjoy snorkeling in a breathtaking natural setting. Perfect if you want to combine gentle sport, nature and relaxation in a short time.<\/p>\n<ul data-start=\"462\" data-end=\"940\">\n<li data-start=\"462\" data-end=\"541\">\n<p data-start=\"464\" data-end=\"541\">Duration: approximately <strong data-start=\"490\" data-end=\"501\">2 hours<\/strong><\/p>\n<\/li>\n<li data-start=\"542\" data-end=\"663\">\n<p data-start=\"544\" data-end=\"663\">Departure point: Adventure Tours Curacao office in Caracas Bay, Willemstad<\/p>\n<\/li>\n<li data-start=\"664\" data-end=\"781\">\n<p data-start=\"666\" data-end=\"781\">Language: English speaking guide; check if Spanish speaking guide available when booking<\/p>\n<\/li>\n<li data-start=\"782\" data-end=\"940\">\n<p data-start=\"784\" data-end=\"940\">Activity level: mild to moderate; requires paddling, some exposure to the sun and some physical movement in kayak<\/p>\n<\/li>\n<\/ul>\n","protected":false},"featured_media":219336,"template":"","meta":{"_et_pb_use_builder":"on","_et_pb_old_content":"<p data-start=\"975\" data-end=\"1370\">Despu\u00e9s de una charla de seguridad, te subir\u00e1s al kayak y comenzar\u00e1s a remar por la Bah\u00eda de Caracas. Atravesar\u00e1s aguas abiertas durante unos 20 minutos, cruzando hacia costas protegidas donde las olas son suaves. Desde ah\u00ed podr\u00e1s ver estructuras hist\u00f3ricas como el fuerte Beekenburg, as\u00ed como la antigua Casa de la Cuarentena que se asoma sobre la costa.<\/p>\r\n<p data-start=\"1372\" data-end=\"1698\">En medio del recorrido, habr\u00e1 una parada para hacer snorkel en un remolcador hundido cerca de la costa, donde podr\u00e1s explorar corales, peces tropicales y vida marina vibrante. Luego disfrutar\u00e1s de un ba\u00f1o relajante en una playa apartada antes de regresar glacialmente remando de vuelta.<\/p>\r\n<p data-start=\"1700\" data-end=\"1880\">El tour mezcla paisaje costero, historia colonial, vida marina y momentos de tranquilidad, ideal para quien quiere una experiencia de mar sin complicaciones ni equipos complejos.<\/p>\r\n\r\n<h3 data-start=\"1887\" data-end=\"1900\">Incluye<\/h3>\r\n<ul data-start=\"1901\" data-end=\"2149\">\r\n \t<li data-start=\"1901\" data-end=\"1969\">\r\n<p data-start=\"1903\" data-end=\"1969\">Kayak y chaleco salvavidas<\/p>\r\n<\/li>\r\n \t<li data-start=\"1970\" data-end=\"2030\">\r\n<p data-start=\"1972\" data-end=\"2030\">Gu\u00eda local experto<\/p>\r\n<\/li>\r\n \t<li data-start=\"2031\" data-end=\"2090\">\r\n<p data-start=\"2033\" data-end=\"2090\">Equipo de snorkel<\/p>\r\n<\/li>\r\n \t<li data-start=\"2091\" data-end=\"2149\">\r\n<p data-start=\"2093\" data-end=\"2149\">Agua embotellada<\/p>\r\n<\/li>\r\n<\/ul>\r\n<h3 data-start=\"2156\" data-end=\"2206\">No incluye \/ lo que deber\u00edas tener en cuenta<\/h3>\r\n<ul data-start=\"2207\" data-end=\"2561\">\r\n \t<li data-start=\"2207\" data-end=\"2366\">\r\n<p data-start=\"2209\" data-end=\"2366\">Transporte o recogida fuera del punto de partida principal (alojamiento, puerto de crucero) puede tener cargo extra<\/p>\r\n<\/li>\r\n \t<li data-start=\"2367\" data-end=\"2453\">\r\n<p data-start=\"2369\" data-end=\"2453\">No apto para quienes no puedan remar o tengan movilidad limitada considerablemente<\/p>\r\n<\/li>\r\n \t<li data-start=\"2454\" data-end=\"2504\">\r\n<p data-start=\"2456\" data-end=\"2504\">No incluye alimentos ni bebidas aparte de agua<\/p>\r\n<\/li>\r\n \t<li data-start=\"2505\" data-end=\"2561\">\r\n<p data-start=\"2507\" data-end=\"2561\">Protegerse del sol y llevar muda seca es aconsejable<\/p>\r\n<\/li>\r\n<\/ul>\r\n<h3 data-start=\"2568\" data-end=\"2596\">Recomendaciones \u00fatiles<\/h3>\r\n<ul data-start=\"2597\" data-end=\"2836\">\r\n \t<li data-start=\"2597\" data-end=\"2648\">\r\n<p data-start=\"2599\" data-end=\"2648\">Usar ropa ligera, traje de ba\u00f1o y llevar toalla<\/p>\r\n<\/li>\r\n \t<li data-start=\"2649\" data-end=\"2698\">\r\n<p data-start=\"2651\" data-end=\"2698\">Protector solar, gorra\/sombrero, gafas de sol<\/p>\r\n<\/li>\r\n \t<li data-start=\"2699\" data-end=\"2765\">\r\n<p data-start=\"2701\" data-end=\"2765\">C\u00e1mara impermeable o carcasa para fotos si vas a hacer snorkel<\/p>\r\n<\/li>\r\n \t<li data-start=\"2766\" data-end=\"2836\">\r\n<p data-start=\"2768\" data-end=\"2836\">Llegar 10-15 minutos antes para briefing de seguridad y acomodarse<\/p>\r\n<\/li>\r\n<\/ul>\r\n<h3 data-start=\"2843\" data-end=\"2873\">Preguntas frecuentes (FAQ)<\/h3>\r\n<p data-start=\"2875\" data-end=\"3003\"><strong data-start=\"2875\" data-end=\"2913\">\u00bfSe necesita experiencia en kayak?<\/strong><br data-start=\"2913\" data-end=\"2916\" \/>No es necesario ser experto; el gu\u00eda te dar\u00e1 instrucciones y caminos f\u00e1ciles de seguir.<\/p>\r\n<p data-start=\"3005\" data-end=\"3140\"><strong data-start=\"3005\" data-end=\"3037\">\u00bfVoy a ver animales marinos?<\/strong><br data-start=\"3037\" data-end=\"3040\" \/>S\u00ed, en la parte de snorkel puedes ver corales, peces tropicales, morenas y otros organismos marinos.<\/p>\r\n<p data-start=\"3142\" data-end=\"3315\"><strong data-start=\"3142\" data-end=\"3184\">\u00bfCu\u00e1nto se rema vs cu\u00e1nto se descansa?<\/strong><br data-start=\"3184\" data-end=\"3187\" \/>Hay aproximadamente 20 minutos remando en aguas abiertas, luego snorkel, ba\u00f1o en playa y el regreso en kayak con ritmo moderado.<\/p>\r\n<p data-start=\"3317\" data-end=\"3458\"><strong data-start=\"3317\" data-end=\"3356\">\u00bfQu\u00e9 sucede si el clima es adverso?<\/strong><br data-start=\"3356\" data-end=\"3359\" \/>El proveedor puede modificar el itinerario o cancelar para asegurar la seguridad si hay mal tiempo.<\/p>\r\n<p data-start=\"3460\" data-end=\"3631\"><strong data-start=\"3460\" data-end=\"3497\">\u00bfLa actividad es apta para todos?<\/strong><br data-start=\"3497\" data-end=\"3500\" \/>No se recomienda para personas con problemas f\u00edsicos severos ni para quienes no puedan remar o tienen problemas de espalda\/coraz\u00f3n.<\/p>","_et_gb_content_width":"","_joinchat":[]},"product_brand":[1239],"product_cat":[1095],"product_tag":[1249,1250,1247,1248,1246,1251,835],"class_list":{"0":"post-219333","1":"product","2":"type-product","3":"status-publish","4":"has-post-thumbnail","6":"product_brand-adventure-tours","7":"product_cat-water-excursions","8":"product_tag-beaches-near-willemstad","9":"product_tag-caribbean-coast","10":"product_tag-kayak-tour-willemstad","11":"product_tag-kayaking-adventure","12":"product_tag-kayaking-curacao","13":"product_tag-nature-tour","14":"product_tag-snorkeling-curacao","16":"first","17":"instock","18":"featured","19":"product-type-external"},"yoast_head":"<!-- This site is optimized with the Yoast SEO plugin v27.4 - https:\/\/yoast.com\/product\/yoast-seo-wordpress\/ -->\n<title>Half Day Kayak Tour in Cura\u00e7ao |<\/title>\n<meta name=\"description\" content=\"Enjoy 2 hours of kayaking adventure from Willemstad: snorkeling, historical sights and beach bathing. Perfect for those who love the sea and nature.\" \/>\n<meta name=\"robots\" content=\"index, follow, max-snippet:-1, max-image-preview:large, max-video-preview:-1\" \/>\n<link rel=\"canonical\" href=\"https:\/\/curacaomyway.com\/en\/tour\/sunset-yacht-ride-in-willemstad-snacks-and-beverages-included-copia\/\" \/>\n<meta property=\"og:locale\" content=\"en_US\" \/>\n<meta property=\"og:type\" content=\"article\" \/>\n<meta property=\"og:title\" content=\"Half Day Kayak Tour in Cura\u00e7ao |\" \/>\n<meta property=\"og:description\" content=\"Enjoy 2 hours of kayaking adventure from Willemstad: snorkeling, historical sights and beach bathing. Perfect for those who love the sea and nature.\" \/>\n<meta property=\"og:url\" content=\"https:\/\/curacaomyway.com\/en\/tour\/sunset-yacht-ride-in-willemstad-snacks-and-beverages-included-copia\/\" \/>\n<meta property=\"og:site_name\" content=\"Curacao My Way\" \/>\n<meta property=\"article:publisher\" content=\"https:\/\/www.facebook.com\/curacaomyway\" \/>\n<meta property=\"article:modified_time\" content=\"2025-11-05T00:26:58+00:00\" \/>\n<meta property=\"og:image\" content=\"https:\/\/curacaomyway.com\/wp-content\/uploads\/2025\/09\/Screenshot-2025-09-22-at-06.30.33Kayak-Curazao-1024x714.png\" \/>\n\t<meta property=\"og:image:width\" content=\"1024\" \/>\n\t<meta property=\"og:image:height\" content=\"714\" \/>\n\t<meta property=\"og:image:type\" content=\"image\/png\" \/>\n<meta name=\"twitter:card\" content=\"summary_large_image\" \/>\n<meta name=\"twitter:label1\" content=\"Est. reading time\" \/>\n\t<meta name=\"twitter:data1\" content=\"3 minutes\" \/>\n<script type=\"application\/ld+json\" class=\"yoast-schema-graph\">{\"@context\":\"https:\\\/\\\/schema.org\",\"@graph\":[{\"@type\":\"WebPage\",\"@id\":\"https:\\\/\\\/curacaomyway.com\\\/en\\\/tour\\\/sunset-yacht-ride-in-willemstad-snacks-and-beverages-included-copia\\\/\",\"url\":\"https:\\\/\\\/curacaomyway.com\\\/en\\\/tour\\\/sunset-yacht-ride-in-willemstad-snacks-and-beverages-included-copia\\\/\",\"name\":\"Half Day Kayak Tour in Cura\u00e7ao |\",\"isPartOf\":{\"@id\":\"https:\\\/\\\/curacaomyway.com\\\/en\\\/#website\"},\"primaryImageOfPage\":{\"@id\":\"https:\\\/\\\/curacaomyway.com\\\/en\\\/tour\\\/sunset-yacht-ride-in-willemstad-snacks-and-beverages-included-copia\\\/#primaryimage\"},\"image\":{\"@id\":\"https:\\\/\\\/curacaomyway.com\\\/en\\\/tour\\\/sunset-yacht-ride-in-willemstad-snacks-and-beverages-included-copia\\\/#primaryimage\"},\"thumbnailUrl\":\"https:\\\/\\\/curacaomyway.com\\\/wp-content\\\/uploads\\\/2025\\\/09\\\/Screenshot-2025-09-22-at-06.30.33Kayak-Curazao.png\",\"datePublished\":\"2025-09-22T10:31:29+00:00\",\"dateModified\":\"2025-11-05T00:26:58+00:00\",\"description\":\"Enjoy 2 hours of kayaking adventure from Willemstad: snorkeling, historical sights and beach bathing. Perfect for those who love the sea and nature.\",\"breadcrumb\":{\"@id\":\"https:\\\/\\\/curacaomyway.com\\\/en\\\/tour\\\/sunset-yacht-ride-in-willemstad-snacks-and-beverages-included-copia\\\/#breadcrumb\"},\"inLanguage\":\"en-US\",\"potentialAction\":[{\"@type\":\"ReadAction\",\"target\":[\"https:\\\/\\\/curacaomyway.com\\\/en\\\/tour\\\/sunset-yacht-ride-in-willemstad-snacks-and-beverages-included-copia\\\/\"]}]},{\"@type\":\"ImageObject\",\"inLanguage\":\"en-US\",\"@id\":\"https:\\\/\\\/curacaomyway.com\\\/en\\\/tour\\\/sunset-yacht-ride-in-willemstad-snacks-and-beverages-included-copia\\\/#primaryimage\",\"url\":\"https:\\\/\\\/curacaomyway.com\\\/wp-content\\\/uploads\\\/2025\\\/09\\\/Screenshot-2025-09-22-at-06.30.33Kayak-Curazao.png\",\"contentUrl\":\"https:\\\/\\\/curacaomyway.com\\\/wp-content\\\/uploads\\\/2025\\\/09\\\/Screenshot-2025-09-22-at-06.30.33Kayak-Curazao.png\",\"width\":1724,\"height\":1202},{\"@type\":\"BreadcrumbList\",\"@id\":\"https:\\\/\\\/curacaomyway.com\\\/en\\\/tour\\\/sunset-yacht-ride-in-willemstad-snacks-and-beverages-included-copia\\\/#breadcrumb\",\"itemListElement\":[{\"@type\":\"ListItem\",\"position\":1,\"name\":\"Home\",\"item\":\"https:\\\/\\\/curacaomyway.com\\\/en\\\/inicio\\\/\"},{\"@type\":\"ListItem\",\"position\":2,\"name\":\"Shop\",\"item\":\"https:\\\/\\\/curacaomyway.com\\\/en\\\/shop\\\/\"},{\"@type\":\"ListItem\",\"position\":3,\"name\":\"Half Day Kayak Tour in Cura\u00e7ao\"}]},{\"@type\":\"WebSite\",\"@id\":\"https:\\\/\\\/curacaomyway.com\\\/en\\\/#website\",\"url\":\"https:\\\/\\\/curacaomyway.com\\\/en\\\/\",\"name\":\"Curacao My Way\",\"description\":\"Tu gu\u00eda N. 1 sobre Curacao\",\"publisher\":{\"@id\":\"https:\\\/\\\/curacaomyway.com\\\/en\\\/#organization\"},\"potentialAction\":[{\"@type\":\"SearchAction\",\"target\":{\"@type\":\"EntryPoint\",\"urlTemplate\":\"https:\\\/\\\/curacaomyway.com\\\/en\\\/?s={search_term_string}\"},\"query-input\":{\"@type\":\"PropertyValueSpecification\",\"valueRequired\":true,\"valueName\":\"search_term_string\"}}],\"inLanguage\":\"en-US\"},{\"@type\":\"Organization\",\"@id\":\"https:\\\/\\\/curacaomyway.com\\\/en\\\/#organization\",\"name\":\"Curacao My Way\",\"url\":\"https:\\\/\\\/curacaomyway.com\\\/en\\\/\",\"logo\":{\"@type\":\"ImageObject\",\"inLanguage\":\"en-US\",\"@id\":\"https:\\\/\\\/curacaomyway.com\\\/en\\\/#\\\/schema\\\/logo\\\/image\\\/\",\"url\":\"https:\\\/\\\/curacaomyway.com\\\/wp-content\\\/uploads\\\/2024\\\/12\\\/Circle-Seaside-Escape-Resort-Hotel-Logo-4.png\",\"contentUrl\":\"https:\\\/\\\/curacaomyway.com\\\/wp-content\\\/uploads\\\/2024\\\/12\\\/Circle-Seaside-Escape-Resort-Hotel-Logo-4.png\",\"width\":500,\"height\":500,\"caption\":\"Curacao My Way\"},\"image\":{\"@id\":\"https:\\\/\\\/curacaomyway.com\\\/en\\\/#\\\/schema\\\/logo\\\/image\\\/\"},\"sameAs\":[\"https:\\\/\\\/www.facebook.com\\\/curacaomyway\"]}]}<\/script>\n<!-- \/ Yoast SEO plugin. -->","yoast_head_json":{"title":"Half Day Kayak Tour in Cura\u00e7ao |","description":"Enjoy 2 hours of kayaking adventure from Willemstad: snorkeling, historical sights and beach bathing. Perfect for those who love the sea and nature.","robots":{"index":"index","follow":"follow","max-snippet":"max-snippet:-1","max-image-preview":"max-image-preview:large","max-video-preview":"max-video-preview:-1"},"canonical":"https:\/\/curacaomyway.com\/en\/tour\/sunset-yacht-ride-in-willemstad-snacks-and-beverages-included-copia\/","og_locale":"en_US","og_type":"article","og_title":"Half Day Kayak Tour in Cura\u00e7ao |","og_description":"Enjoy 2 hours of kayaking adventure from Willemstad: snorkeling, historical sights and beach bathing. Perfect for those who love the sea and nature.","og_url":"https:\/\/curacaomyway.com\/en\/tour\/sunset-yacht-ride-in-willemstad-snacks-and-beverages-included-copia\/","og_site_name":"Curacao My Way","article_publisher":"https:\/\/www.facebook.com\/curacaomyway","article_modified_time":"2025-11-05T00:26:58+00:00","og_image":[{"width":1024,"height":714,"url":"https:\/\/curacaomyway.com\/wp-content\/uploads\/2025\/09\/Screenshot-2025-09-22-at-06.30.33Kayak-Curazao-1024x714.png","type":"image\/png"}],"twitter_card":"summary_large_image","twitter_misc":{"Est. reading time":"3 minutes"},"schema":{"@context":"https:\/\/schema.org","@graph":[{"@type":"WebPage","@id":"https:\/\/curacaomyway.com\/en\/tour\/sunset-yacht-ride-in-willemstad-snacks-and-beverages-included-copia\/","url":"https:\/\/curacaomyway.com\/en\/tour\/sunset-yacht-ride-in-willemstad-snacks-and-beverages-included-copia\/","name":"Half Day Kayak Tour in Cura\u00e7ao |","isPartOf":{"@id":"https:\/\/curacaomyway.com\/en\/#website"},"primaryImageOfPage":{"@id":"https:\/\/curacaomyway.com\/en\/tour\/sunset-yacht-ride-in-willemstad-snacks-and-beverages-included-copia\/#primaryimage"},"image":{"@id":"https:\/\/curacaomyway.com\/en\/tour\/sunset-yacht-ride-in-willemstad-snacks-and-beverages-included-copia\/#primaryimage"},"thumbnailUrl":"https:\/\/curacaomyway.com\/wp-content\/uploads\/2025\/09\/Screenshot-2025-09-22-at-06.30.33Kayak-Curazao.png","datePublished":"2025-09-22T10:31:29+00:00","dateModified":"2025-11-05T00:26:58+00:00","description":"Enjoy 2 hours of kayaking adventure from Willemstad: snorkeling, historical sights and beach bathing. Perfect for those who love the sea and nature.","breadcrumb":{"@id":"https:\/\/curacaomyway.com\/en\/tour\/sunset-yacht-ride-in-willemstad-snacks-and-beverages-included-copia\/#breadcrumb"},"inLanguage":"en-US","potentialAction":[{"@type":"ReadAction","target":["https:\/\/curacaomyway.com\/en\/tour\/sunset-yacht-ride-in-willemstad-snacks-and-beverages-included-copia\/"]}]},{"@type":"ImageObject","inLanguage":"en-US","@id":"https:\/\/curacaomyway.com\/en\/tour\/sunset-yacht-ride-in-willemstad-snacks-and-beverages-included-copia\/#primaryimage","url":"https:\/\/curacaomyway.com\/wp-content\/uploads\/2025\/09\/Screenshot-2025-09-22-at-06.30.33Kayak-Curazao.png","contentUrl":"https:\/\/curacaomyway.com\/wp-content\/uploads\/2025\/09\/Screenshot-2025-09-22-at-06.30.33Kayak-Curazao.png","width":1724,"height":1202},{"@type":"BreadcrumbList","@id":"https:\/\/curacaomyway.com\/en\/tour\/sunset-yacht-ride-in-willemstad-snacks-and-beverages-included-copia\/#breadcrumb","itemListElement":[{"@type":"ListItem","position":1,"name":"Home","item":"https:\/\/curacaomyway.com\/en\/inicio\/"},{"@type":"ListItem","position":2,"name":"Shop","item":"https:\/\/curacaomyway.com\/en\/shop\/"},{"@type":"ListItem","position":3,"name":"Half Day Kayak Tour in Cura\u00e7ao"}]},{"@type":"WebSite","@id":"https:\/\/curacaomyway.com\/en\/#website","url":"https:\/\/curacaomyway.com\/en\/","name":"Curacao My Way","description":"Tu gu\u00eda N. 1 sobre Curacao","publisher":{"@id":"https:\/\/curacaomyway.com\/en\/#organization"},"potentialAction":[{"@type":"SearchAction","target":{"@type":"EntryPoint","urlTemplate":"https:\/\/curacaomyway.com\/en\/?s={search_term_string}"},"query-input":{"@type":"PropertyValueSpecification","valueRequired":true,"valueName":"search_term_string"}}],"inLanguage":"en-US"},{"@type":"Organization","@id":"https:\/\/curacaomyway.com\/en\/#organization","name":"Curacao My Way","url":"https:\/\/curacaomyway.com\/en\/","logo":{"@type":"ImageObject","inLanguage":"en-US","@id":"https:\/\/curacaomyway.com\/en\/#\/schema\/logo\/image\/","url":"https:\/\/curacaomyway.com\/wp-content\/uploads\/2024\/12\/Circle-Seaside-Escape-Resort-Hotel-Logo-4.png","contentUrl":"https:\/\/curacaomyway.com\/wp-content\/uploads\/2024\/12\/Circle-Seaside-Escape-Resort-Hotel-Logo-4.png","width":500,"height":500,"caption":"Curacao My Way"},"image":{"@id":"https:\/\/curacaomyway.com\/en\/#\/schema\/logo\/image\/"},"sameAs":["https:\/\/www.facebook.com\/curacaomyway"]}]}},"_links":{"self":[{"href":"https:\/\/curacaomyway.com\/en\/wp-json\/wp\/v2\/product\/219333","targetHints":{"allow":["GET"]}}],"collection":[{"href":"https:\/\/curacaomyway.com\/en\/wp-json\/wp\/v2\/product"}],"about":[{"href":"https:\/\/curacaomyway.com\/en\/wp-json\/wp\/v2\/types\/product"}],"wp:featuredmedia":[{"embeddable":true,"href":"https:\/\/curacaomyway.com\/en\/wp-json\/wp\/v2\/media\/219336"}],"wp:attachment":[{"href":"https:\/\/curacaomyway.com\/en\/wp-json\/wp\/v2\/media?parent=219333"}],"wp:term":[{"taxonomy":"product_brand","embeddable":true,"href":"https:\/\/curacaomyway.com\/en\/wp-json\/wp\/v2\/product_brand?post=219333"},{"taxonomy":"product_cat","embeddable":true,"href":"https:\/\/curacaomyway.com\/en\/wp-json\/wp\/v2\/product_cat?post=219333"},{"taxonomy":"product_tag","embeddable":true,"href":"https:\/\/curacaomyway.com\/en\/wp-json\/wp\/v2\/product_tag?post=219333"}],"curies":[{"name":"wp","href":"https:\/\/api.w.org\/{rel}","templated":true}]}}